{"id":154,"date":"2015-07-16T09:12:44","date_gmt":"2015-07-16T09:12:44","guid":{"rendered":"http:\/\/test.kriesi.at\/minimal-portfolio\/?page_id=154"},"modified":"2022-06-27T15:57:57","modified_gmt":"2022-06-27T15:57:57","slug":"chisiamo","status":"publish","type":"page","link":"https:\/\/centrostudidirittoalimentare.it\/demo.centrostudidirittoalimentare.it\/index.php\/chisiamo\/","title":{"rendered":"Chi siamo"},"content":{"rendered":"<div id='av_section_1'  class='avia-section main_color avia-section-huge avia-no-border-styling  avia-bg-style-scroll  avia-builder-el-0  el_before_av_section  avia-builder-el-first   container_wrap fullsize' style=' '  ><div class='container' ><main  role=\"main\" itemprop=\"mainContentOfPage\"  class='template-page content  av-content-full alpha units'><div class='post-entry post-entry-type-page post-entry-154'><div class='entry-content-wrapper clearfix'>\n<div  style='padding-bottom:20px; font-size:40px;' class='av-special-heading av-special-heading-h1  blockquote modern-quote modern-centered  avia-builder-el-1  el_before_av_one_fifth  avia-builder-el-first  av-inherit-size '><h1 class='av-special-heading-tag '  itemprop=\"headline\"  >Chi siamo<\/h1><div class='special-heading-border'><div class='special-heading-inner-border' ><\/div><\/div><\/div>\n<div class=\"flex_column av_one_fifth  flex_column_div av-zero-column-padding first  avia-builder-el-2  el_after_av_heading  el_before_av_three_fifth  \" style='border-radius:0px; '><\/div><div class=\"flex_column av_three_fifth  av-animated-generic bottom-to-top  flex_column_div av-zero-column-padding   avia-builder-el-3  el_after_av_one_fifth  el_before_av_one_fifth  \" style='border-radius:0px; '><section class=\"av_textblock_section \"  itemscope=\"itemscope\" itemtype=\"https:\/\/schema.org\/CreativeWork\" ><div class='avia_textblock  '   itemprop=\"text\" ><p style=\"text-align: center;\">Lorem ipsum dolor sit amet, consectetuer adipiscing elit. Aenean commodo ligula eget dolor. Aenean massa. Cum sociis natoque penculus mus.<\/p>\n<\/div><\/section><br \/>\n<div  style=' margin-top:70px; margin-bottom:0px;'  class='hr hr-custom hr-center hr-icon-yes   avia-builder-el-5  el_after_av_textblock  avia-builder-el-last '><span class='hr-inner  inner-border-av-border-thin' style=' width:90px; border-color:#2b487d; max-width:45%;' ><span class='hr-inner-style'><\/span><\/span><span class='av-seperator-icon' style='color:#2b487d;' aria-hidden='true' data-av_icon='\ue8b8' data-av_iconfont='entypo-fontello'><\/span><span class='hr-inner  inner-border-av-border-thin' style=' width:90px; border-color:#2b487d; max-width:45%;' ><span class='hr-inner-style'><\/span><\/span><\/div><\/p><\/div><div class=\"flex_column av_one_fifth  flex_column_div av-zero-column-padding   avia-builder-el-6  el_after_av_three_fifth  avia-builder-el-last  \" style='border-radius:0px; '><\/div>\n\n<\/div><\/div><\/main><!-- close content main element --><\/div><\/div><div id='av_section_2'  class='avia-section main_color avia-section-huge avia-no-border-styling  avia-bg-style-scroll  avia-builder-el-7  el_after_av_section  el_before_av_layout_row   container_wrap fullsize' style='background-color: #fcfcfc;  '  ><div class='container' ><div class='template-page content  av-content-full alpha units'><div class='post-entry post-entry-type-page post-entry-154'><div class='entry-content-wrapper clearfix'>\n<div class=\"flex_column av_one_half  av-animated-generic bottom-to-top  flex_column_div av-zero-column-padding first  avia-builder-el-8  el_before_av_one_half  avia-builder-el-first  \" style='border-radius:0px; '><p><div  style='padding-bottom:10px; ' class='av-special-heading av-special-heading-h2  blockquote modern-quote  avia-builder-el-9  el_before_av_textblock  avia-builder-el-first  '><h2 class='av-special-heading-tag '  itemprop=\"headline\"  >Centro Studi Diritto Alimentare<\/h2><div class='special-heading-border'><div class='special-heading-inner-border' ><\/div><\/div><\/div><br \/>\n<section class=\"av_textblock_section \"  itemscope=\"itemscope\" itemtype=\"https:\/\/schema.org\/CreativeWork\" ><div class='avia_textblock  '   itemprop=\"text\" ><p>Lorem ipsum dolor sit amet, consectetuer adipiscing elit. Aenean commodo ligula eget dolor. Aenean massa. Cum sociis natoque <strong>penatibus<\/strong> et magnis dis parturient montes, nascetur ridiculus mus. Donec quam felis, ultricies nec, pellentesque eu, pretium quis, sem. Nulla consequat massa quis enim.<\/p>\n<p>Donec pede justo, fringilla vel, aliquet nec, vulputate eget, arcu. In enim justo, rhoncus ut, imperdiet a, venenatis vitae, justo. Nullam dictum felis eu pede mollis pretium.<\/p>\n<\/div><\/section><\/p><\/div><div class=\"flex_column av_one_half  av-animated-generic bottom-to-top  flex_column_div av-zero-column-padding   avia-builder-el-11  el_after_av_one_half  avia-builder-el-last  \" style='border-radius:0px; '><p><div  style='padding-bottom:10px; ' class='av-special-heading av-special-heading-h2  blockquote modern-quote  avia-builder-el-12  el_before_av_textblock  avia-builder-el-first  '><h2 class='av-special-heading-tag '  itemprop=\"headline\"  >Atro testo<\/h2><div class='special-heading-border'><div class='special-heading-inner-border' ><\/div><\/div><\/div><br \/>\n<section class=\"av_textblock_section \"  itemscope=\"itemscope\" itemtype=\"https:\/\/schema.org\/CreativeWork\" ><div class='avia_textblock  '   itemprop=\"text\" ><p>Aenean vulputate <strong>eleifend<\/strong> tellus. Aenean leo ligula, porttitor eu, consequat vitae, eleifend ac, enim. Aliquam lorem ante, dapibus in, viverra quis, feugiat a, tellus.Lorem ipsum dolor sit amet, consectetuer adipiscing elit. Aenean commodo ligula eget dolor.<\/p>\n<p>Aenean massa. Cum sociis natoque penatibus et magnis dis parturient montes, nascetur ridiculus mus. Donec quam felis, ultricies nec, <strong>pellentesque<\/strong> eu, pretium quis, sem. Nulla consequat massa quis enim.<\/p>\n<\/div><\/section><\/p><\/div>\n\n<\/div><\/div><\/div><!-- close content main div --><\/div><\/div><div id='av-layout-grid-1'  class='av-layout-grid-container entry-content-wrapper main_color av-flex-cells     avia-builder-el-14  el_after_av_section  el_before_av_layout_row  submenu-not-first container_wrap fullsize' style=' '  >\n<div class=\"flex_cell no_margin av_one_half  avia-builder-el-15  el_before_av_cell_one_half  avia-builder-el-first   \"  style='vertical-align:middle; padding:80px; ' ><div class='flex_cell_inner' ><p><div  style='padding-bottom:10px; ' class='av-special-heading av-special-heading-h2  blockquote modern-quote  avia-builder-el-16  el_before_av_textblock  avia-builder-el-first  '><h2 class='av-special-heading-tag '  itemprop=\"headline\"  >Avv. Antonella Carbone<\/h2><div class='special-heading-border'><div class='special-heading-inner-border' ><\/div><\/div><\/div><br \/>\n<section class=\"av_textblock_section \"  itemscope=\"itemscope\" itemtype=\"https:\/\/schema.org\/CreativeWork\" ><div class='avia_textblock  '   itemprop=\"text\" ><p>Laurea in Giurisprudenza presso l\u2019Universit\u00e0 Cattolica del Sacro Cuore di Milano<br \/>\nAvvocato cassazionista iscritta all\u2019Ordine degli Avvocati di Milano.<br \/>\nAssociata A.G.I. \u2013 Associazione Giuslavoristi Italiani<br \/>\nHa frequentato nell\u2019Anno Accademico 2007\/2008 presso l\u2019Universit\u00e0 degli Studi di Milano il \u201cCorso di Perfezionamento in Diritto Sportivo e Giustizia Sportiva\u201d<br \/>\nHa frequentato nell\u2019anno 2012 il Master Altalex in \u201cDiritto Agroalimentare e vitivinicolo\u201d ed \u00e8 socia e co-fondatrice di Centro Studi Diritto Alimentare dal 2015.<br \/>\nNella propria vita professionale si occupa di problematiche attinenti la costituzione, lo svolgimento e la cessazione dei rapporti di lavoro; della gestione dei rapporti sindacali; delle procedure relative alla riorganizzazione e ristrutturazione aziendale; della predisposizione della contrattualistica in materia giuslavoristica; del contenzioso avanti alla magistratura del lavoro; assiste inoltre le aziende nei contenziosi con INPS e INAIL sia in sede amministrativa che avanti alla magistratura ordinaria.<br \/>\nHa inoltre maturato molteplici esperienze nel Diritto del Lavoro Sportivo.<br \/>\nNel campo del diritto agroalimentare assiste le aziende fornendo consulenza nella predisposizione ed analisi dei contratti, anche elettronici; nell\u2019export verso paesi comunitari e nazionali; sulle problematiche legate all\u2019etichettatura dei prodotti; sulle problematiche legate alla sicurezza alimentare; nella gestione del contenzioso con clienti, fornitori, pubbliche amministrazioni.<br \/>\nHa partecipato in qualit\u00e0 di relatrice a numerosi seminari e convegni in materia di Diritto del Lavoro, Diritto del Lavoro Sportivo, e Food Law<\/p>\n<\/div><\/section><\/p>\n<\/div><\/div><div class=\"flex_cell no_margin av_one_half  avia-builder-el-18  el_after_av_cell_one_half  avia-builder-el-last   av-zero-padding \"  style='vertical-align:middle; padding:0px; ' ><div class='flex_cell_inner' ><div  class='avia-image-container  av-styling-no-styling    avia-builder-el-19  avia-builder-el-no-sibling  avia-align-center '  itemprop=\"image\" itemscope=\"itemscope\" itemtype=\"https:\/\/schema.org\/ImageObject\"  ><div class='avia-image-container-inner'><div class='avia-image-overlay-wrap'><img decoding=\"async\" class='wp-image-739 avia-img-lazy-loading-not-739 avia_image' src=\"https:\/\/centrostudidirittoalimentare.it\/demo.centrostudidirittoalimentare.it\/wp-content\/uploads\/2022\/06\/carbone.png\" alt='' title='carbone' height=\"423\" width=\"800\"  itemprop=\"thumbnailUrl\" srcset=\"https:\/\/centrostudidirittoalimentare.it\/demo.centrostudidirittoalimentare.it\/wp-content\/uploads\/2022\/06\/carbone.png 800w, https:\/\/centrostudidirittoalimentare.it\/demo.centrostudidirittoalimentare.it\/wp-content\/uploads\/2022\/06\/carbone-300x159.png 300w, https:\/\/centrostudidirittoalimentare.it\/demo.centrostudidirittoalimentare.it\/wp-content\/uploads\/2022\/06\/carbone-768x406.png 768w, https:\/\/centrostudidirittoalimentare.it\/demo.centrostudidirittoalimentare.it\/wp-content\/uploads\/2022\/06\/carbone-710x375.png 710w, https:\/\/centrostudidirittoalimentare.it\/demo.centrostudidirittoalimentare.it\/wp-content\/uploads\/2022\/06\/carbone-705x373.png 705w\" sizes=\"(max-width: 800px) 100vw, 800px\" \/><\/div><\/div><\/div>\n<\/div><\/div>\n<\/div>\n<div id='av-layout-grid-2'  class='av-layout-grid-container entry-content-wrapper main_color av-flex-cells     avia-builder-el-20  el_after_av_layout_row  el_before_av_layout_row  submenu-not-first container_wrap fullsize' style=' '  >\n<div class=\"flex_cell no_margin av_one_half  avia-builder-el-21  el_before_av_cell_one_half  avia-builder-el-first   av-zero-padding \"  style='background: #fcfcfc; vertical-align:middle; padding:0px; background-color:#fcfcfc; ' ><div class='flex_cell_inner' ><div  class='avia-image-container  av-styling-no-styling    avia-builder-el-22  avia-builder-el-no-sibling  avia-align-center '  itemprop=\"image\" itemscope=\"itemscope\" itemtype=\"https:\/\/schema.org\/ImageObject\"  ><div class='avia-image-container-inner'><div class='avia-image-overlay-wrap'><img decoding=\"async\" class='wp-image-742 avia-img-lazy-loading-not-742 avia_image' src=\"https:\/\/centrostudidirittoalimentare.it\/demo.centrostudidirittoalimentare.it\/wp-content\/uploads\/2022\/06\/leone.png\" alt='' title='leone' height=\"423\" width=\"800\"  itemprop=\"thumbnailUrl\" srcset=\"https:\/\/centrostudidirittoalimentare.it\/demo.centrostudidirittoalimentare.it\/wp-content\/uploads\/2022\/06\/leone.png 800w, https:\/\/centrostudidirittoalimentare.it\/demo.centrostudidirittoalimentare.it\/wp-content\/uploads\/2022\/06\/leone-300x159.png 300w, https:\/\/centrostudidirittoalimentare.it\/demo.centrostudidirittoalimentare.it\/wp-content\/uploads\/2022\/06\/leone-768x406.png 768w, https:\/\/centrostudidirittoalimentare.it\/demo.centrostudidirittoalimentare.it\/wp-content\/uploads\/2022\/06\/leone-710x375.png 710w, https:\/\/centrostudidirittoalimentare.it\/demo.centrostudidirittoalimentare.it\/wp-content\/uploads\/2022\/06\/leone-705x373.png 705w\" sizes=\"(max-width: 800px) 100vw, 800px\" \/><\/div><\/div><\/div>\n<\/div><\/div><div class=\"flex_cell no_margin av_one_half  avia-builder-el-23  el_after_av_cell_one_half  avia-builder-el-last   \"  style='background: #fcfcfc; vertical-align:middle; padding:80px; background-color:#fcfcfc; ' ><div class='flex_cell_inner' ><p><div  style='padding-bottom:10px; ' class='av-special-heading av-special-heading-h2  blockquote modern-quote  avia-builder-el-24  el_before_av_textblock  avia-builder-el-first  '><h2 class='av-special-heading-tag '  itemprop=\"headline\"  >Avv. Giorgia Antonia Leone<\/h2><div class='special-heading-border'><div class='special-heading-inner-border' ><\/div><\/div><\/div><br \/>\n<section class=\"av_textblock_section \"  itemscope=\"itemscope\" itemtype=\"https:\/\/schema.org\/CreativeWork\" ><div class='avia_textblock  '   itemprop=\"text\" ><p style=\"text-align: justify;\">Avvocato Cassazionista del foro di Milano, con qualifica anche di Mediatore Civile e Commerciale, dal 2011.<br \/>\nSocia e co-fondatrice, dal 2015, di Centro Studi Diritto Alimentare di Milano.<br \/>\nHa conseguito il Master Altalex in \u201cDiritto Agroalimentare e vitivinicolo\u201d nello stesso anno ed ha frequentato, nell\u2019Anno Accademico 2007\/2008, presso l\u2019Universit\u00e0 degli Studi di Milano il Corso di Perfezionamento in Diritto Sportivo e Giustizia Sportiva.<br \/>\nAttualmente \u00e8 Responsabile del Dipartimento di Diritto Agroalimentare di M.F. di Milano.<br \/>\nEsperta di diritto agroalimentare e legislazione vitivinicola: classificazione degli alimenti, pubblicit\u00e0, etichettatura, materiali a contatto (M.O.C.A.), sicurezza alimentare ed igiene, commercio anche elettronico dei prodotti, analisi della normativa, nazionale ed europea, inerente la produzione, trasformazione e distribuzione di alimenti e bevande, inclusi mangimi. Con competenza professionale nel diritto di famiglia e, in particolare, nei riguardi delle Imprese familiari: tipologia di aziende che spesso rappresentano il modello di riferimento nel settore agro alimentare.<br \/>\nAutrice di pubblicazioni su OlioOfficina International Magazine; Relatrice e curatrice ad EXPO, Citt\u00e0 di Milano, in materia di spreco elementare e Relatrice per OlioOfficina Festival, oltre che per il SIMEI (Salone Internazionale Macchine per Enologia e Imbottigliamento) di Milano; ed ancora Relatrice in Campidoglio a Roma, in occasione di Convegni interdisciplinari, in tema di alimenti nocivi e sponsorizzazioni. E\u2019 stata, agli esordi della professione, componente del Gruppo di Lavoro in tema di sicurezza e qualit\u00e0 dei prodotti alimentari per il Ministero dello Sviluppo Economico a Roma. Di recente anche Moderatrice di webinar in tema di Policy e Sostenibilit\u00e0.<\/p>\n<\/div><\/section><\/p>\n<\/div><\/div>\n<\/div>\n<div id='av-layout-grid-3'  class='av-layout-grid-container entry-content-wrapper main_color av-flex-cells     avia-builder-el-26  el_after_av_layout_row  el_before_av_layout_row  submenu-not-first container_wrap fullsize' style=' '  >\n<div class=\"flex_cell no_margin av_one_half  avia-builder-el-27  el_before_av_cell_one_half  avia-builder-el-first   \"  style='vertical-align:middle; padding:80px; ' ><div class='flex_cell_inner' ><p><div  style='padding-bottom:10px; ' class='av-special-heading av-special-heading-h2  blockquote modern-quote  avia-builder-el-28  el_before_av_textblock  avia-builder-el-first  '><h2 class='av-special-heading-tag '  itemprop=\"headline\"  >Avv. Rosanna Zari<\/h2><div class='special-heading-border'><div class='special-heading-inner-border' ><\/div><\/div><\/div><br \/>\n<section class=\"av_textblock_section \"  itemscope=\"itemscope\" itemtype=\"https:\/\/schema.org\/CreativeWork\" ><div class='avia_textblock  '   itemprop=\"text\" ><p style=\"text-align: justify;\">Dottore agronomo iscritta albo di Siena. Libero professionista, analista prodotti agroalimentari, progettazione di sistemi e opere rurali, recuperi ambientali, pianificazione territoriale, stime, incentivi comunitari, certificazioni agroalimentari e sementi, certificazioni fitosanitarie.<br \/>\n\u00c8 stata Presidente dell&#8217;Ordine di Siena e Vice Presidente del Consiglio Nazionale (CONAF).<br \/>\nIn EXPO2015 &#8220;Communication Manager&#8221; WAA\u00adCONAF. Rappresentante RPT per le direttive su &#8220;Pacchetto Professioni&#8221; nel Parlamento EU.<br \/>\n\u00c8 componente del Comitato Nazionale vini DOP e IGP. Relatrice presso universit\u00e0 italiane (Universit\u00e0 di Perugia, Bologna, Siena, ecc.) su prodotti fitosanitari e miglioramento genetico in agricoltura.<br \/>\n\u00c8 stata direttore responsabile della rivista AF. Collabora con Il Sole 24 Ore sui finanziamenti all&#8217;agricoltura. Accademica Fisiocritici di Siena e Georgofili.<\/p>\n<\/div><\/section><\/p>\n<\/div><\/div><div class=\"flex_cell no_margin av_one_half  avia-builder-el-30  el_after_av_cell_one_half  avia-builder-el-last   av-zero-padding \"  style='vertical-align:middle; padding:0px; ' ><div class='flex_cell_inner' ><div  class='avia-image-container  av-styling-no-styling    avia-builder-el-31  avia-builder-el-no-sibling  avia-align-center '  itemprop=\"image\" itemscope=\"itemscope\" itemtype=\"https:\/\/schema.org\/ImageObject\"  ><div class='avia-image-container-inner'><div class='avia-image-overlay-wrap'><img decoding=\"async\" class='wp-image-743 avia-img-lazy-loading-not-743 avia_image' src=\"https:\/\/centrostudidirittoalimentare.it\/demo.centrostudidirittoalimentare.it\/wp-content\/uploads\/2022\/06\/zari.png\" alt='' title='zari' height=\"423\" width=\"800\"  itemprop=\"thumbnailUrl\" srcset=\"https:\/\/centrostudidirittoalimentare.it\/demo.centrostudidirittoalimentare.it\/wp-content\/uploads\/2022\/06\/zari.png 800w, https:\/\/centrostudidirittoalimentare.it\/demo.centrostudidirittoalimentare.it\/wp-content\/uploads\/2022\/06\/zari-300x159.png 300w, https:\/\/centrostudidirittoalimentare.it\/demo.centrostudidirittoalimentare.it\/wp-content\/uploads\/2022\/06\/zari-768x406.png 768w, https:\/\/centrostudidirittoalimentare.it\/demo.centrostudidirittoalimentare.it\/wp-content\/uploads\/2022\/06\/zari-710x375.png 710w, https:\/\/centrostudidirittoalimentare.it\/demo.centrostudidirittoalimentare.it\/wp-content\/uploads\/2022\/06\/zari-705x373.png 705w\" sizes=\"(max-width: 800px) 100vw, 800px\" \/><\/div><\/div><\/div>\n<\/div><\/div>\n<\/div>\n<div id='av-layout-grid-4'  class='av-layout-grid-container entry-content-wrapper main_color av-flex-cells     avia-builder-el-32  el_after_av_layout_row  el_before_av_layout_row  submenu-not-first container_wrap fullsize' style=' '  >\n<div class=\"flex_cell no_margin av_one_half  avia-builder-el-33  el_before_av_cell_one_half  avia-builder-el-first   av-zero-padding \"  style='background: #fcfcfc; vertical-align:middle; padding:0px; background-color:#fcfcfc; ' ><div class='flex_cell_inner' ><div  class='avia-image-container  av-styling-no-styling    avia-builder-el-34  avia-builder-el-no-sibling  avia-align-center '  itemprop=\"image\" itemscope=\"itemscope\" itemtype=\"https:\/\/schema.org\/ImageObject\"  ><div class='avia-image-container-inner'><div class='avia-image-overlay-wrap'><img decoding=\"async\" class='wp-image-757 avia-img-lazy-loading-not-757 avia_image' src=\"https:\/\/centrostudidirittoalimentare.it\/demo.centrostudidirittoalimentare.it\/wp-content\/uploads\/2022\/06\/montanari.png\" alt='' title='montanari' height=\"423\" width=\"800\"  itemprop=\"thumbnailUrl\" srcset=\"https:\/\/centrostudidirittoalimentare.it\/demo.centrostudidirittoalimentare.it\/wp-content\/uploads\/2022\/06\/montanari.png 800w, https:\/\/centrostudidirittoalimentare.it\/demo.centrostudidirittoalimentare.it\/wp-content\/uploads\/2022\/06\/montanari-300x159.png 300w, https:\/\/centrostudidirittoalimentare.it\/demo.centrostudidirittoalimentare.it\/wp-content\/uploads\/2022\/06\/montanari-768x406.png 768w, https:\/\/centrostudidirittoalimentare.it\/demo.centrostudidirittoalimentare.it\/wp-content\/uploads\/2022\/06\/montanari-710x375.png 710w, https:\/\/centrostudidirittoalimentare.it\/demo.centrostudidirittoalimentare.it\/wp-content\/uploads\/2022\/06\/montanari-705x373.png 705w\" sizes=\"(max-width: 800px) 100vw, 800px\" \/><\/div><\/div><\/div>\n<\/div><\/div><div class=\"flex_cell no_margin av_one_half  avia-builder-el-35  el_after_av_cell_one_half  avia-builder-el-last   \"  style='background: #fcfcfc; vertical-align:middle; padding:80px; background-color:#fcfcfc; ' ><div class='flex_cell_inner' ><p><div  style='padding-bottom:10px; ' class='av-special-heading av-special-heading-h2  blockquote modern-quote  avia-builder-el-36  el_before_av_textblock  avia-builder-el-first  '><h2 class='av-special-heading-tag '  itemprop=\"headline\"  >Avv. Paolo Montanari<\/h2><div class='special-heading-border'><div class='special-heading-inner-border' ><\/div><\/div><\/div><br \/>\n<section class=\"av_textblock_section \"  itemscope=\"itemscope\" itemtype=\"https:\/\/schema.org\/CreativeWork\" ><div class='avia_textblock  '   itemprop=\"text\" ><p style=\"text-align: justify;\">Paolo Montanari<br \/>\nAvvocato cassazionista iscritto all\u2019Ordine degli Avvocati di Milano.<br \/>\nSocio e co-fondatore di Centro Studi Diritto Alimentare.<br \/>\nHa frequentato, nell\u2019Anno Accademico 2012, il Master in \u201cDiritto Agroalimentare e vitivinicolo\u201d.<br \/>\nHa comprovata e pluriennale esperienza, in ambito nazionale, in consulenza e formazione in materia di diritto alimentare e in particolar modo relativo al settore vitivinicolo inerente la produzione e la distribuzione.<\/p>\n<\/div><\/section><\/p>\n<\/div><\/div><\/div><div id='av-layout-grid-5'  class='av-layout-grid-container entry-content-wrapper main_color av-flex-cells     avia-builder-el-38  el_after_av_layout_row  avia-builder-el-last  submenu-not-first container_wrap fullsize' style=' '  >\n<div class=\"flex_cell no_margin av_one_half  avia-builder-el-39  el_before_av_cell_one_half  avia-builder-el-first   \"  style='vertical-align:middle; padding:80px; ' ><div class='flex_cell_inner' ><p><div  style='padding-bottom:10px; ' class='av-special-heading av-special-heading-h2  blockquote modern-quote  avia-builder-el-40  el_before_av_textblock  avia-builder-el-first  '><h2 class='av-special-heading-tag '  itemprop=\"headline\"  >Avv. Alessia Benedetta Gelosa<\/h2><div class='special-heading-border'><div class='special-heading-inner-border' ><\/div><\/div><\/div><br \/>\n<section class=\"av_textblock_section \"  itemscope=\"itemscope\" itemtype=\"https:\/\/schema.org\/CreativeWork\" ><div class='avia_textblock  '   itemprop=\"text\" ><p style=\"text-align: justify;\">Avvocato presso l\u2019Ordine degli Avvocati di Milano, patrocinante in Corte di Cassazione e responsabile del desk italiano presso lo studio legale AL BASTI ADVOCATES in Dubai (Emirati Arabi Uniti).<br \/>\nSi occupa di diritto commerciale ed industriale in ambito internazionale: dalla negoziazione di accordi commerciali alla tutela giudiziaria.<br \/>\nMembro, per l\u2019area dei Paesi nel GCC, del Centro Studi diritto Alimentare con esperienza di diritto agroalimentare ed in particolare frodi alimentari, contraffazione alimentare, etichettatura mercato estero, problematiche di natura legale connesse all\u2019esportazione.<br \/>\nRedattrice di articoli di informazione giuridica sul Medioriente e relatrice a varie conferenze (Ordine degli Avvocati di Milano, Camera di Commercio in Ancona, Camera di Commercio Italia-Germania, etc)<\/p>\n<\/div><\/section><\/p>\n<\/div><\/div><div class=\"flex_cell no_margin av_one_half  avia-builder-el-42  el_after_av_cell_one_half  avia-builder-el-last   av-zero-padding \"  style='vertical-align:middle; padding:0px; ' ><div class='flex_cell_inner' ><div  class='avia-image-container  av-styling-no-styling    avia-builder-el-43  avia-builder-el-no-sibling  avia-align-center '  itemprop=\"image\" itemscope=\"itemscope\" itemtype=\"https:\/\/schema.org\/ImageObject\"  ><div class='avia-image-container-inner'><div class='avia-image-overlay-wrap'><img decoding=\"async\" class='wp-image-755 avia-img-lazy-loading-not-755 avia_image' src=\"https:\/\/centrostudidirittoalimentare.it\/demo.centrostudidirittoalimentare.it\/wp-content\/uploads\/2022\/06\/gelosa.png\" alt='' title='gelosa' height=\"423\" width=\"800\"  itemprop=\"thumbnailUrl\" srcset=\"https:\/\/centrostudidirittoalimentare.it\/demo.centrostudidirittoalimentare.it\/wp-content\/uploads\/2022\/06\/gelosa.png 800w, https:\/\/centrostudidirittoalimentare.it\/demo.centrostudidirittoalimentare.it\/wp-content\/uploads\/2022\/06\/gelosa-300x159.png 300w, https:\/\/centrostudidirittoalimentare.it\/demo.centrostudidirittoalimentare.it\/wp-content\/uploads\/2022\/06\/gelosa-768x406.png 768w, https:\/\/centrostudidirittoalimentare.it\/demo.centrostudidirittoalimentare.it\/wp-content\/uploads\/2022\/06\/gelosa-710x375.png 710w, https:\/\/centrostudidirittoalimentare.it\/demo.centrostudidirittoalimentare.it\/wp-content\/uploads\/2022\/06\/gelosa-705x373.png 705w\" sizes=\"(max-width: 800px) 100vw, 800px\" \/><\/div><\/div><\/div>\n<\/div><\/div><\/div><\/p>\n","protected":false},"excerpt":{"rendered":"","protected":false},"author":1,"featured_media":0,"parent":0,"menu_order":0,"comment_status":"open","ping_status":"open","template":"","meta":{"footnotes":""},"class_list":["post-154","page","type-page","status-publish","hentry"],"_links":{"self":[{"href":"https:\/\/centrostudidirittoalimentare.it\/demo.centrostudidirittoalimentare.it\/index.php\/wp-json\/wp\/v2\/pages\/154","targetHints":{"allow":["GET"]}}],"collection":[{"href":"https:\/\/centrostudidirittoalimentare.it\/demo.centrostudidirittoalimentare.it\/index.php\/wp-json\/wp\/v2\/pages"}],"about":[{"href":"https:\/\/centrostudidirittoalimentare.it\/demo.centrostudidirittoalimentare.it\/index.php\/wp-json\/wp\/v2\/types\/page"}],"author":[{"embeddable":true,"href":"https:\/\/centrostudidirittoalimentare.it\/demo.centrostudidirittoalimentare.it\/index.php\/wp-json\/wp\/v2\/users\/1"}],"replies":[{"embeddable":true,"href":"https:\/\/centrostudidirittoalimentare.it\/demo.centrostudidirittoalimentare.it\/index.php\/wp-json\/wp\/v2\/comments?post=154"}],"version-history":[{"count":28,"href":"https:\/\/centrostudidirittoalimentare.it\/demo.centrostudidirittoalimentare.it\/index.php\/wp-json\/wp\/v2\/pages\/154\/revisions"}],"predecessor-version":[{"id":758,"href":"https:\/\/centrostudidirittoalimentare.it\/demo.centrostudidirittoalimentare.it\/index.php\/wp-json\/wp\/v2\/pages\/154\/revisions\/758"}],"wp:attachment":[{"href":"https:\/\/centrostudidirittoalimentare.it\/demo.centrostudidirittoalimentare.it\/index.php\/wp-json\/wp\/v2\/media?parent=154"}],"curies":[{"name":"wp","href":"https:\/\/api.w.org\/{rel}","templated":true}]}}