{"id":206,"date":"2015-07-14T14:50:10","date_gmt":"2015-07-14T14:50:10","guid":{"rendered":"http:\/\/test.kriesi.at\/minimal-portfolio\/?page_id=9"},"modified":"2022-05-06T08:27:12","modified_gmt":"2022-05-06T08:27:12","slug":"home","status":"publish","type":"page","link":"https:\/\/centrostudidirittoalimentare.it\/demo.centrostudidirittoalimentare.it\/","title":{"rendered":"Home"},"content":{"rendered":"<div id='full_slider_1'  class='avia-fullwidth-slider main_color avia-shadow   avia-builder-el-0  el_before_av_section  avia-builder-el-first   container_wrap fullsize' style=' '  ><div   data-size='no scaling'  data-lightbox_size='large'  data-animation='fade'  data-conditional_play=''  data-ids='481,483'  data-video_counter='0'  data-autoplay='false'  data-bg_slider='false'  data-slide_height=''  data-handle='av_slideshow_full'  data-interval='5'  data-class=' '  data-el_id=''  data-css_id=''  data-scroll_down=''  data-control_layout='av-control-minimal'  data-custom_markup=''  data-perma_caption=''  data-autoplay_stopper=''  data-image_attachment=''  data-min_height='0px'  data-lazy_loading='disabled'  data-src=''  data-position='top left'  data-repeat='no-repeat'  data-attach='scroll'  data-stretch=''  class='avia-slideshow avia-slideshow-1  av-control-minimal av-default-height-applied avia-slideshow-no scaling av_slideshow_full   avia-fade-slider '  itemprop=\"image\" itemscope=\"itemscope\" itemtype=\"https:\/\/schema.org\/ImageObject\" ><ul class='avia-slideshow-inner ' style='padding-bottom: 28.333333333333%;' ><li  class=' slide-1 ' ><div data-rel='slideshow-1' class='avia-slide-wrap '   ><div class = \"caption_fullwidth av-slideshow-caption caption_left\"><div class = \"container caption_container\"><div class = \"slideshow_caption\"><div class = \"slideshow_inner_caption\"><div class = \"slideshow_align_caption\"><h2  style='font-size:30px; ' class='avia-caption-title  '  itemprop=\"name\" >Mettiamo un motto?<\/h2><div class='avia-caption-content  av_inherit_color'  itemprop=\"description\"   style='font-size:15px; '><p>Lorem ipsum dolor sit amet, consectetuer adipiscing elit. Aenean comor.<\/p>\n<\/div><\/div><\/div><\/div><\/div><\/div><img decoding=\"async\" class=\"wp-image-481 avia-img-lazy-loading-not-481\"  src=\"https:\/\/centrostudidirittoalimentare.it\/demo.centrostudidirittoalimentare.it\/wp-content\/uploads\/2022\/05\/esempio-slide-home.png\" width=\"1500\" height=\"425\" title='esempio slide home' alt=''  itemprop=\"thumbnailUrl\" srcset=\"https:\/\/centrostudidirittoalimentare.it\/demo.centrostudidirittoalimentare.it\/wp-content\/uploads\/2022\/05\/esempio-slide-home.png 1500w, https:\/\/centrostudidirittoalimentare.it\/demo.centrostudidirittoalimentare.it\/wp-content\/uploads\/2022\/05\/esempio-slide-home-300x85.png 300w, https:\/\/centrostudidirittoalimentare.it\/demo.centrostudidirittoalimentare.it\/wp-content\/uploads\/2022\/05\/esempio-slide-home-1030x292.png 1030w, https:\/\/centrostudidirittoalimentare.it\/demo.centrostudidirittoalimentare.it\/wp-content\/uploads\/2022\/05\/esempio-slide-home-768x218.png 768w, https:\/\/centrostudidirittoalimentare.it\/demo.centrostudidirittoalimentare.it\/wp-content\/uploads\/2022\/05\/esempio-slide-home-705x200.png 705w\" sizes=\"(max-width: 1500px) 100vw, 1500px\" \/><\/div><\/li><li  class=' slide-2 ' ><div data-rel='slideshow-1' class='avia-slide-wrap '   ><img decoding=\"async\" class=\"wp-image-483 avia-img-lazy-loading-not-483\"  src=\"https:\/\/centrostudidirittoalimentare.it\/demo.centrostudidirittoalimentare.it\/wp-content\/uploads\/2022\/05\/esempio-slide-home2.png\" width=\"1500\" height=\"425\" title='esempio slide home2' alt=''  itemprop=\"thumbnailUrl\" srcset=\"https:\/\/centrostudidirittoalimentare.it\/demo.centrostudidirittoalimentare.it\/wp-content\/uploads\/2022\/05\/esempio-slide-home2.png 1500w, https:\/\/centrostudidirittoalimentare.it\/demo.centrostudidirittoalimentare.it\/wp-content\/uploads\/2022\/05\/esempio-slide-home2-300x85.png 300w, https:\/\/centrostudidirittoalimentare.it\/demo.centrostudidirittoalimentare.it\/wp-content\/uploads\/2022\/05\/esempio-slide-home2-1030x292.png 1030w, https:\/\/centrostudidirittoalimentare.it\/demo.centrostudidirittoalimentare.it\/wp-content\/uploads\/2022\/05\/esempio-slide-home2-768x218.png 768w, https:\/\/centrostudidirittoalimentare.it\/demo.centrostudidirittoalimentare.it\/wp-content\/uploads\/2022\/05\/esempio-slide-home2-705x200.png 705w\" sizes=\"(max-width: 1500px) 100vw, 1500px\" \/><\/div><\/li><\/ul><div class='avia-slideshow-arrows avia-slideshow-controls'><a href='#prev' class='prev-slide' aria-hidden='true' data-av_icon='\ue87c' data-av_iconfont='entypo-fontello'>Anteriore<\/a><a href='#next' class='next-slide' aria-hidden='true' data-av_icon='\ue87d' data-av_iconfont='entypo-fontello'>Posteriore<\/a><\/div><div class='avia-slideshow-dots avia-slideshow-controls'><a href='#1' class='goto-slide active' >1<\/a><a href='#2' class='goto-slide ' >2<\/a><\/div><\/div><\/div>\n<div id='av_section_1'  class='avia-section main_color avia-section-default avia-no-border-styling  avia-bg-style-scroll  avia-builder-el-1  el_after_av_slideshow_full  el_before_av_section   container_wrap fullsize' style=' '  ><div class='container' ><div class='template-page content  av-content-full alpha units'><div class='post-entry post-entry-type-page post-entry-206'><div class='entry-content-wrapper clearfix'>\n<div  style='padding-bottom:0px; font-size:40px;' class='av-special-heading av-special-heading-h1  blockquote modern-quote modern-centered  avia-builder-el-2  el_before_av_one_fifth  avia-builder-el-first  av-inherit-size '><h1 class='av-special-heading-tag '  itemprop=\"headline\"  >Centro Studi Diritto Alimentare<\/h1><div class='special-heading-border'><div class='special-heading-inner-border' ><\/div><\/div><\/div>\n<div class=\"flex_column av_one_fifth  flex_column_div av-zero-column-padding first  avia-builder-el-3  el_after_av_heading  el_before_av_three_fifth  \" style='border-radius:0px; '><\/div><div class=\"flex_column av_three_fifth  av-animated-generic bottom-to-top  flex_column_div av-zero-column-padding   avia-builder-el-4  el_after_av_one_fifth  el_before_av_one_fifth  \" style='border-radius:0px; '><p><section class=\"av_textblock_section \"  itemscope=\"itemscope\" itemtype=\"https:\/\/schema.org\/CreativeWork\" ><div class='avia_textblock  '   itemprop=\"text\" ><p>testo testo testo<\/p>\n<\/div><\/section><br \/>\n<div  style=' margin-top:70px; margin-bottom:70px;'  class='hr hr-custom hr-center hr-icon-yes   avia-builder-el-6  el_after_av_textblock  avia-builder-el-last '><span class='hr-inner  inner-border-av-border-thin' style=' width:90px; border-color:#2b487d; max-width:45%;' ><span class='hr-inner-style'><\/span><\/span><span class='av-seperator-icon' style='color:#2b487d;' aria-hidden='true' data-av_icon='\ue8b8' data-av_iconfont='entypo-fontello'><\/span><span class='hr-inner  inner-border-av-border-thin' style=' width:90px; border-color:#2b487d; max-width:45%;' ><span class='hr-inner-style'><\/span><\/span><\/div><\/p><\/div><div class=\"flex_column av_one_fifth  flex_column_div av-zero-column-padding   avia-builder-el-7  el_after_av_three_fifth  avia-builder-el-last  \" style='border-radius:0px; '><\/div><\/div><\/div><\/div><!-- close content main div --><\/div><\/div><div id='av_section_2'  class='avia-section main_color avia-section-no-padding avia-no-border-styling  avia-bg-style-scroll  avia-builder-el-8  el_after_av_section  avia-builder-el-last   container_wrap fullsize' style=' '  ><div class='container' ><div class='template-page content  av-content-full alpha units'><div class='post-entry post-entry-type-page post-entry-206'><div class='entry-content-wrapper clearfix'>\n<div class=\"flex_column av_two_fifth  av-animated-generic bottom-to-top  flex_column_div av-zero-column-padding first  avia-builder-el-9  el_before_av_three_fifth  avia-builder-el-first  \" style='border-radius:0px; '><section class=\"av_textblock_section \"  itemscope=\"itemscope\" itemtype=\"https:\/\/schema.org\/CreativeWork\" ><div class='avia_textblock  '  style='font-size:12px; '  itemprop=\"text\" ><p><em>ODE ALL&#8217;ITALIA<\/em><br \/>\n<em> Publio Virgilio Marone, Georgiche,<\/em><br \/>\n<em> Libro II, vv. 136-176<\/em><\/p>\n<p><em>Sed neque Medorum silvae, ditissima terra,<\/em><br \/>\n<em> nec pulcher Ganges atque auro turbidus Hermus<\/em><br \/>\n<em> laudibus Italiae certent, non Bactra neque Indi<\/em><br \/>\n<em> totaque turiferis Panchaia pinguis harenis.<\/em><\/p>\n<p><em>Haec loca non tauri spirantes naribus ignem<\/em><br \/>\n<em> invertere satis immanis dentibus hydri,<\/em><br \/>\n<em> nec galeis densisque virum seges horruit hastis;<\/em><br \/>\n<em> sed gravidae fruges et Bacchi Massicus umor<\/em><br \/>\n<em> implevere; tenent oleae armentaque laeta.<\/em><\/p>\n<p><em>Hinc bellator equus campo sese arduus infert,<\/em><br \/>\n<em> hinc albi, Clitumne, greges et maxima taurus<\/em><br \/>\n<em> victima, saepe tuo perfusi flumine sacro,<\/em><br \/>\n<em> Romanos ad templa deum duxere triumphos.<\/em><\/p>\n<p><em>hic ver adsiduum atque alienis mensibus aestas:<\/em><br \/>\n<em> bis gravidae pecudes, bis pomis utilis arbos.<\/em><br \/>\n<em> At rabidae tigres absunt et saeva leonum<\/em><br \/>\n<em> semina, nec miseros fallunt aconita legentis,<\/em><\/p>\n<p><em>nec rapit immensos orbis per humum neque tanto<\/em><br \/>\n<em> squameus in spiram tractu se colligit anguis.<\/em><br \/>\n<em> adde tot egregias urbes operumque laborem,<\/em><br \/>\n<em> tot congesta manu praeruptis oppida saxis<\/em><br \/>\n<em> fluminaque antiquos subterlabentia muros.<\/em><\/p>\n<p><em>An mare quod supra memorem, quodque adluit infra?<\/em><br \/>\n<em> anne lacus tantos? te, Lari maxime, teque,<\/em><br \/>\n<em> fluctibus et fremitu adsurgens Benace marino?<\/em><\/p>\n<p><em>an memorem portus Lucrinoque addita claustra<\/em><br \/>\n<em> atque indignatum magnis stridoribus aequor,<\/em><br \/>\n<em> Iulia qua ponto longe sonat unda refuso<\/em><br \/>\n<em> Tyrrhenusque fretis immittitur aestus Avernis?<\/em><\/p>\n<p><em>haec eadem argenti rivos aerisque metalla<\/em><br \/>\n<em> ostendit venis atque auro plurima fluxit.<\/em><br \/>\n<em> haec genus acre virum, Marsos pubemque Sabellam<\/em><br \/>\n<em> assuetumque malo Ligurem Volscosque verutos<\/em><\/p>\n<p><em>extulit, haec Decios Marios magnosque Camillos,<\/em><br \/>\n<em> Scipiadas duros bello et te, maxime Caesar,<\/em><br \/>\n<em> qui nunc extremis Asiae iam victor in oris<\/em><br \/>\n<em> imbellem avertis Romanis arcibus Indum.<\/em><\/p>\n<p><em>Salve, magna parens frugum, Saturnia tellus,<\/em><br \/>\n<em> magna virum: tibi res antiquae laudis et artis<\/em><br \/>\n<em> ingredior sanctos ausus recludere fontis,<\/em><br \/>\n<em> Ascraeumque cano Romana per oppida carmen<\/em><\/p>\n<\/div><\/section><\/div><div class=\"flex_column av_three_fifth  av-animated-generic bottom-to-top  flex_column_div av-zero-column-padding   avia-builder-el-11  el_after_av_two_fifth  el_before_av_hr  \" style='border-radius:0px; '><p><div  style='padding-bottom:10px; font-size:40px;' class='av-special-heading av-special-heading-h1  blockquote modern-quote  avia-builder-el-12  el_before_av_textblock  avia-builder-el-first  av-inherit-size '><h1 class='av-special-heading-tag '  itemprop=\"headline\"  >Di cosa ci occupiamo<\/h1><div class='special-heading-border'><div class='special-heading-inner-border' ><\/div><\/div><\/div><br \/>\n<section class=\"av_textblock_section \"  itemscope=\"itemscope\" itemtype=\"https:\/\/schema.org\/CreativeWork\" ><div class='avia_textblock  '   itemprop=\"text\" ><p>E&#8217; noto che il settore agroalimentare sia ormai diventato di primaria importanza per l&#8217;economia italiana e rappresenti uno dei principali comparti dell&#8217;export italiano verso i paesi esteri.<\/p>\n<p>Nel contempo \u00e8 anche cresciuta sia la sensibilit\u00e0 dei consumatori verso la sicurezza e la qualit\u00e0 dei prodotti alimentari, sia il numero e la complessit\u00e0 delle norme &#8211; in gran parte di derivazione comunitaria &#8211; che disciplinano la produzione ed il commercio degli alimenti.<\/p>\n<p>Da qui la necessit\u00e0, per aziende e consorzi, di avvalersi dell&#8217;ausilio di consulenti con competenze specialistiche che possano offrire un valido supporto giuridico e che forniscano gli strumenti pi\u00f9 utili per poter assolvere correttamente agli obblighi imposti dalla legislazione comunitaria &#8211; ad esempio in materia di sicurezza, igiene, tracciabilit\u00e0, etichettatura\u2026 &#8211; e per evitare di incorrere in responsabilit\u00e0 risarcitorie (ad esempio per prodotti difettosi), nonch\u00e9 in violazioni penali ed amministrative.<\/p>\n<p>Non ultimo, l&#8217;attivit\u00e0 di consulenza si rende indispensabile anche per la promozione della qualit\u00e0 dei propri prodotti, interpretando e correttamente applicando le normative vigenti in materia di marchi e di altri segni distintivi (IGP, DOP).<\/p>\n<p>A tutto ci\u00f2 si aggiungono le problematiche che possono insorgere in relazione alla commercializzazione dei prodotti, ai rapporti con altre aziende (grossisti, di trasformazione, grande distribuzione) e alla stesura dei relativi contratti.<\/p>\n<p>Il nostro Centro Studi di Diritto Alimentare \u00e8 in grado di offrire una accurata consulenza alle imprese del comparto alimentare, agroalimentare e vitivinicolo in tutti i campi sopra descritti, fornendo assistenza e pareri personalizzati.<\/p>\n<p>In particolare, possiamo coadiuvare le aziende del settore alimentare, agroalimentare e vitivinicolo nei seguenti campi:<\/p>\n<p>&#8211; consulenza sulla conformit\u00e0 dei prodotti alla legislazione, al fine di evitare di incorrere in sanzioni penali e\/o amministrative ovvero in responsabilit\u00e0 risarcitorie;<br \/>\n&#8211; consulenza sulla predisposizione e sull&#8217;inoltro di domande di autorizzazione;<br \/>\n&#8211; predisposizione di contratti;<br \/>\n&#8211; assistenza nell&#8217;export verso paesi comunitari ed extracomunitari;<br \/>\n&#8211; consulenza sull&#8217;applicazione di norme comunitarie e nazionali;<br \/>\n&#8211; consulenza sulle problematiche legate all&#8217;etichettatura dei prodotti;<br \/>\n&#8211; gestione del contenzioso con clienti, fornitori, pubbliche amministrazioni;<br \/>\n&#8211; difesa penale.<\/p>\n<p>Il Centro Studi di Diritto Alimentare, grazie alle competenze specifiche maturate dai professionisti che lo compongono, \u00e8 inoltre in grado di fornire consulenza in materia di gestione del rapporto di lavoro dei dipendenti, pratiche per l&#8217;immigrazione, recupero crediti, assicurando cos\u00ec un&#8217;assistenza completa alle aziende del settore.<\/p>\n<\/div><\/section><\/p><\/div><div  style='height:80px' class='hr hr-invisible   avia-builder-el-14  el_after_av_three_fifth  avia-builder-el-last '><span class='hr-inner ' ><span class='hr-inner-style'><\/span><\/span><\/div>\n<\/p>\n","protected":false},"excerpt":{"rendered":"","protected":false},"author":1,"featured_media":0,"parent":0,"menu_order":0,"comment_status":"open","ping_status":"closed","template":"","meta":{"footnotes":""},"class_list":["post-206","page","type-page","status-publish","hentry"],"_links":{"self":[{"href":"https:\/\/centrostudidirittoalimentare.it\/demo.centrostudidirittoalimentare.it\/index.php\/wp-json\/wp\/v2\/pages\/206","targetHints":{"allow":["GET"]}}],"collection":[{"href":"https:\/\/centrostudidirittoalimentare.it\/demo.centrostudidirittoalimentare.it\/index.php\/wp-json\/wp\/v2\/pages"}],"about":[{"href":"https:\/\/centrostudidirittoalimentare.it\/demo.centrostudidirittoalimentare.it\/index.php\/wp-json\/wp\/v2\/types\/page"}],"author":[{"embeddable":true,"href":"https:\/\/centrostudidirittoalimentare.it\/demo.centrostudidirittoalimentare.it\/index.php\/wp-json\/wp\/v2\/users\/1"}],"replies":[{"embeddable":true,"href":"https:\/\/centrostudidirittoalimentare.it\/demo.centrostudidirittoalimentare.it\/index.php\/wp-json\/wp\/v2\/comments?post=206"}],"version-history":[{"count":24,"href":"https:\/\/centrostudidirittoalimentare.it\/demo.centrostudidirittoalimentare.it\/index.php\/wp-json\/wp\/v2\/pages\/206\/revisions"}],"predecessor-version":[{"id":713,"href":"https:\/\/centrostudidirittoalimentare.it\/demo.centrostudidirittoalimentare.it\/index.php\/wp-json\/wp\/v2\/pages\/206\/revisions\/713"}],"wp:attachment":[{"href":"https:\/\/centrostudidirittoalimentare.it\/demo.centrostudidirittoalimentare.it\/index.php\/wp-json\/wp\/v2\/media?parent=206"}],"curies":[{"name":"wp","href":"https:\/\/api.w.org\/{rel}","templated":true}]}}